{"id":507,"date":"2020-12-10T16:29:50","date_gmt":"2020-12-10T15:29:50","guid":{"rendered":"https:\/\/emauxdegimel.com\/?page_id=507"},"modified":"2021-01-06T23:23:00","modified_gmt":"2021-01-06T22:23:00","slug":"tableaux","status":"publish","type":"page","link":"https:\/\/emauxdegimel.com\/index.php\/tableaux\/","title":{"rendered":"Tableaux"},"content":{"rendered":"\t\t<div data-elementor-type=\"wp-page\" data-elementor-id=\"507\" class=\"elementor elementor-507\" data-elementor-settings=\"[]\">\n\t\t\t<div class=\"elementor-inner\">\n\t\t\t\t<div class=\"elementor-section-wrap\">\n\t\t\t\t\t\t\t<section class=\"elementor-element elementor-element-31a5fcc elementor-section-boxed elementor-section-height-default elementor-section-height-default elementor-section elementor-top-section\" data-id=\"31a5fcc\" data-element_type=\"section\">\n\t\t\t\t\t\t<div class=\"elementor-container elementor-column-gap-default\">\n\t\t\t\t<div class=\"elementor-row\">\n\t\t\t\t<div class=\"elementor-element elementor-element-196457a elementor-column elementor-col-100 elementor-top-column\" data-id=\"196457a\" data-element_type=\"column\">\n\t\t\t<div class=\"elementor-column-wrap  elementor-element-populated\">\n\t\t\t\t\t<div class=\"elementor-widget-wrap\">\n\t\t\t\t<div class=\"elementor-element elementor-element-2876fa0 elementor-widget elementor-widget-image\" data-id=\"2876fa0\" data-element_type=\"widget\" data-widget_type=\"image.default\">\n\t\t\t\t<div class=\"elementor-widget-container\">\n\t\t\t\t\t<div class=\"elementor-image\">\n\t\t\t\t\t\t\t\t\t\t<img src=\"https:\/\/emauxdegimel.com\/wp-content\/uploads\/2021\/01\/MG_8887-1.jpg\" title=\"_MG_8887\" alt=\"_MG_8887\" \/>\t\t\t\t\t\t\t\t\t\t\t<\/div>\n\t\t\t\t<\/div>\n\t\t\t\t<\/div>\n\t\t\t\t<div class=\"elementor-element elementor-element-39aa7d7 elementor-hidden-phone elementor-widget elementor-widget-spacer\" data-id=\"39aa7d7\" data-element_type=\"widget\" data-widget_type=\"spacer.default\">\n\t\t\t\t<div class=\"elementor-widget-container\">\n\t\t\t\t\t<div class=\"elementor-spacer\">\n\t\t\t<div class=\"elementor-spacer-inner\"><\/div>\n\t\t<\/div>\n\t\t\t\t<\/div>\n\t\t\t\t<\/div>\n\t\t\t\t\t\t<\/div>\n\t\t\t<\/div>\n\t\t<\/div>\n\t\t\t\t\t\t<\/div>\n\t\t\t<\/div>\n\t\t<\/section>\n\t\t\t\t<section class=\"elementor-element elementor-element-439a939 elementor-section-boxed elementor-section-height-default elementor-section-height-default elementor-section elementor-top-section\" data-id=\"439a939\" data-element_type=\"section\">\n\t\t\t\t\t\t<div class=\"elementor-container elementor-column-gap-default\">\n\t\t\t\t<div class=\"elementor-row\">\n\t\t\t\t<div class=\"elementor-element elementor-element-0a9d36d elementor-column elementor-col-100 elementor-top-column\" data-id=\"0a9d36d\" data-element_type=\"column\">\n\t\t\t<div class=\"elementor-column-wrap  elementor-element-populated\">\n\t\t\t\t\t<div class=\"elementor-widget-wrap\">\n\t\t\t\t<div class=\"elementor-element elementor-element-24b522b elementor-widget elementor-widget-heading\" data-id=\"24b522b\" data-element_type=\"widget\" data-widget_type=\"heading.default\">\n\t\t\t\t<div class=\"elementor-widget-container\">\n\t\t\t<h2 class=\"elementor-heading-title elementor-size-default\">Les 4 Saisons<\/h2>\t\t<\/div>\n\t\t\t\t<\/div>\n\t\t\t\t\t\t<\/div>\n\t\t\t<\/div>\n\t\t<\/div>\n\t\t\t\t\t\t<\/div>\n\t\t\t<\/div>\n\t\t<\/section>\n\t\t\t\t<section class=\"elementor-element elementor-element-607da5f elementor-section-boxed elementor-section-height-default elementor-section-height-default elementor-section elementor-top-section\" data-id=\"607da5f\" data-element_type=\"section\">\n\t\t\t\t\t\t<div class=\"elementor-container elementor-column-gap-default\">\n\t\t\t\t<div class=\"elementor-row\">\n\t\t\t\t<div class=\"elementor-element elementor-element-9a2ff98 elementor-column elementor-col-100 elementor-top-column\" data-id=\"9a2ff98\" data-element_type=\"column\">\n\t\t\t<div class=\"elementor-column-wrap  elementor-element-populated\">\n\t\t\t\t\t<div class=\"elementor-widget-wrap\">\n\t\t\t\t<div class=\"elementor-element elementor-element-9cd4fed elementor-widget elementor-widget-text-editor\" data-id=\"9cd4fed\" data-element_type=\"widget\" data-widget_type=\"text-editor.default\">\n\t\t\t\t<div class=\"elementor-widget-container\">\n\t\t\t\t\t<div class=\"elementor-text-editor elementor-clearfix\"><p style=\"margin-bottom: .0001pt;\">Sources infinies de nos \u00e9tonnements, de nos \u00e9merveillements et des insondables qui nous habitent et naissent \u00e0 leur rythme.<\/p><\/div>\n\t\t\t\t<\/div>\n\t\t\t\t<\/div>\n\t\t\t\t<div class=\"elementor-element elementor-element-00ca174 elementor-hidden-phone elementor-widget elementor-widget-spacer\" data-id=\"00ca174\" data-element_type=\"widget\" data-widget_type=\"spacer.default\">\n\t\t\t\t<div class=\"elementor-widget-container\">\n\t\t\t\t\t<div class=\"elementor-spacer\">\n\t\t\t<div class=\"elementor-spacer-inner\"><\/div>\n\t\t<\/div>\n\t\t\t\t<\/div>\n\t\t\t\t<\/div>\n\t\t\t\t\t\t<\/div>\n\t\t\t<\/div>\n\t\t<\/div>\n\t\t\t\t\t\t<\/div>\n\t\t\t<\/div>\n\t\t<\/section>\n\t\t\t\t<section class=\"elementor-element elementor-element-1f1f611 elementor-section-boxed elementor-section-height-default elementor-section-height-default elementor-section elementor-top-section\" data-id=\"1f1f611\" data-element_type=\"section\">\n\t\t\t\t\t\t<div class=\"elementor-container elementor-column-gap-default\">\n\t\t\t\t<div class=\"elementor-row\">\n\t\t\t\t<div class=\"elementor-element elementor-element-ad73232 elementor-column elementor-col-50 elementor-top-column\" data-id=\"ad73232\" data-element_type=\"column\">\n\t\t\t<div class=\"elementor-column-wrap  elementor-element-populated\">\n\t\t\t\t\t<div class=\"elementor-widget-wrap\">\n\t\t\t\t<div class=\"elementor-element elementor-element-7c41a10 elementor-hidden-phone elementor-widget elementor-widget-spacer\" data-id=\"7c41a10\" data-element_type=\"widget\" data-widget_type=\"spacer.default\">\n\t\t\t\t<div class=\"elementor-widget-container\">\n\t\t\t\t\t<div class=\"elementor-spacer\">\n\t\t\t<div class=\"elementor-spacer-inner\"><\/div>\n\t\t<\/div>\n\t\t\t\t<\/div>\n\t\t\t\t<\/div>\n\t\t\t\t<div class=\"elementor-element elementor-element-64de6a3 elementor-hidden-phone elementor-widget elementor-widget-heading\" data-id=\"64de6a3\" data-element_type=\"widget\" data-widget_type=\"heading.default\">\n\t\t\t\t<div class=\"elementor-widget-container\">\n\t\t\t<h2 class=\"elementor-heading-title elementor-size-default\">Le Printemps<\/h2>\t\t<\/div>\n\t\t\t\t<\/div>\n\t\t\t\t<div class=\"elementor-element elementor-element-664311d elementor-hidden-phone elementor-invisible elementor-widget elementor-widget-text-editor\" data-id=\"664311d\" data-element_type=\"widget\" data-settings=\"{&quot;_animation&quot;:&quot;fadeInUp&quot;}\" data-widget_type=\"text-editor.default\">\n\t\t\t\t<div class=\"elementor-widget-container\">\n\t\t\t\t\t<div class=\"elementor-text-editor elementor-clearfix\"><p style=\"margin-bottom: .0001pt;\">Les bourgeons \u00e9closent et les arbres pars\u00e8ment la vall\u00e9e de tous les verts de leur palette.<\/p><\/div>\n\t\t\t\t<\/div>\n\t\t\t\t<\/div>\n\t\t\t\t\t\t<\/div>\n\t\t\t<\/div>\n\t\t<\/div>\n\t\t\t\t<div class=\"elementor-element elementor-element-01b7a36 elementor-column elementor-col-50 elementor-top-column\" data-id=\"01b7a36\" data-element_type=\"column\">\n\t\t\t<div class=\"elementor-column-wrap  elementor-element-populated\">\n\t\t\t\t\t<div class=\"elementor-widget-wrap\">\n\t\t\t\t<div class=\"elementor-element elementor-element-3b72c50 elementor-widget elementor-widget-image\" data-id=\"3b72c50\" data-element_type=\"widget\" data-widget_type=\"image.default\">\n\t\t\t\t<div class=\"elementor-widget-container\">\n\t\t\t\t\t<div class=\"elementor-image\">\n\t\t\t\t\t\t\t\t\t\t<img width=\"1000\" height=\"1000\" src=\"https:\/\/emauxdegimel.com\/wp-content\/uploads\/2021\/01\/IMG_2652-2.jpg\" class=\"attachment-large size-large\" alt=\"\" loading=\"lazy\" srcset=\"https:\/\/emauxdegimel.com\/wp-content\/uploads\/2021\/01\/IMG_2652-2.jpg 1000w, https:\/\/emauxdegimel.com\/wp-content\/uploads\/2021\/01\/IMG_2652-2-300x300.jpg 300w, https:\/\/emauxdegimel.com\/wp-content\/uploads\/2021\/01\/IMG_2652-2-150x150.jpg 150w, https:\/\/emauxdegimel.com\/wp-content\/uploads\/2021\/01\/IMG_2652-2-768x768.jpg 768w\" sizes=\"(max-width: 1000px) 100vw, 1000px\" \/>\t\t\t\t\t\t\t\t\t\t\t<\/div>\n\t\t\t\t<\/div>\n\t\t\t\t<\/div>\n\t\t\t\t<div class=\"elementor-element elementor-element-d4f3f37 elementor-hidden-desktop elementor-hidden-tablet elementor-widget elementor-widget-heading\" data-id=\"d4f3f37\" data-element_type=\"widget\" data-widget_type=\"heading.default\">\n\t\t\t\t<div class=\"elementor-widget-container\">\n\t\t\t<h2 class=\"elementor-heading-title elementor-size-default\">Le Printemps<\/h2>\t\t<\/div>\n\t\t\t\t<\/div>\n\t\t\t\t<div class=\"elementor-element elementor-element-42f255a elementor-hidden-desktop elementor-hidden-tablet elementor-invisible elementor-widget elementor-widget-text-editor\" data-id=\"42f255a\" data-element_type=\"widget\" data-settings=\"{&quot;_animation&quot;:&quot;fadeInUp&quot;}\" data-widget_type=\"text-editor.default\">\n\t\t\t\t<div class=\"elementor-widget-container\">\n\t\t\t\t\t<div class=\"elementor-text-editor elementor-clearfix\"><p style=\"margin-bottom: .0001pt;\">Les bourgeons \u00e9closent et les arbres pars\u00e8ment la vall\u00e9e de tous les verts de leur palette.<\/p><\/div>\n\t\t\t\t<\/div>\n\t\t\t\t<\/div>\n\t\t\t\t\t\t<\/div>\n\t\t\t<\/div>\n\t\t<\/div>\n\t\t\t\t\t\t<\/div>\n\t\t\t<\/div>\n\t\t<\/section>\n\t\t\t\t<section class=\"elementor-element elementor-element-3fb6655 elementor-section-boxed elementor-section-height-default elementor-section-height-default elementor-section elementor-top-section\" data-id=\"3fb6655\" data-element_type=\"section\">\n\t\t\t\t\t\t<div class=\"elementor-container elementor-column-gap-default\">\n\t\t\t\t<div class=\"elementor-row\">\n\t\t\t\t<div class=\"elementor-element elementor-element-fa869d1 elementor-column elementor-col-50 elementor-top-column\" data-id=\"fa869d1\" data-element_type=\"column\">\n\t\t\t<div class=\"elementor-column-wrap  elementor-element-populated\">\n\t\t\t\t\t<div class=\"elementor-widget-wrap\">\n\t\t\t\t<div class=\"elementor-element elementor-element-995ac74 elementor-widget elementor-widget-image\" data-id=\"995ac74\" data-element_type=\"widget\" data-widget_type=\"image.default\">\n\t\t\t\t<div class=\"elementor-widget-container\">\n\t\t\t\t\t<div class=\"elementor-image\">\n\t\t\t\t\t\t\t\t\t\t<img src=\"https:\/\/emauxdegimel.com\/wp-content\/uploads\/elementor\/thumbs\/MG_9081-4-p0z935i29y2rmpskfqxdm29n62ps3aquty3pfohq8w.jpg\" title=\"_MG_9081-4\" alt=\"_MG_9081-4\" \/>\t\t\t\t\t\t\t\t\t\t\t<\/div>\n\t\t\t\t<\/div>\n\t\t\t\t<\/div>\n\t\t\t\t\t\t<\/div>\n\t\t\t<\/div>\n\t\t<\/div>\n\t\t\t\t<div class=\"elementor-element elementor-element-3a8685f elementor-column elementor-col-50 elementor-top-column\" data-id=\"3a8685f\" data-element_type=\"column\">\n\t\t\t<div class=\"elementor-column-wrap  elementor-element-populated\">\n\t\t\t\t\t<div class=\"elementor-widget-wrap\">\n\t\t\t\t<div class=\"elementor-element elementor-element-77e2f6a elementor-hidden-phone elementor-widget elementor-widget-spacer\" data-id=\"77e2f6a\" data-element_type=\"widget\" data-widget_type=\"spacer.default\">\n\t\t\t\t<div class=\"elementor-widget-container\">\n\t\t\t\t\t<div class=\"elementor-spacer\">\n\t\t\t<div class=\"elementor-spacer-inner\"><\/div>\n\t\t<\/div>\n\t\t\t\t<\/div>\n\t\t\t\t<\/div>\n\t\t\t\t<div class=\"elementor-element elementor-element-47a86c7 elementor-widget elementor-widget-heading\" data-id=\"47a86c7\" data-element_type=\"widget\" data-widget_type=\"heading.default\">\n\t\t\t\t<div class=\"elementor-widget-container\">\n\t\t\t<h2 class=\"elementor-heading-title elementor-size-default\">L'\u00e9t\u00e9<\/h2>\t\t<\/div>\n\t\t\t\t<\/div>\n\t\t\t\t<div class=\"elementor-element elementor-element-1f9858f elementor-widget elementor-widget-text-editor\" data-id=\"1f9858f\" data-element_type=\"widget\" data-widget_type=\"text-editor.default\">\n\t\t\t\t<div class=\"elementor-widget-container\">\n\t\t\t\t\t<div class=\"elementor-text-editor elementor-clearfix\"><p style=\"margin-bottom: .0001pt;\">Soleil. Les fleurs s&#8217;\u00e9panouissent aux rires des enfants en libert\u00e9. Multiples et intenses leurs couleurs accompagnent nos insouciances estivales.<\/p><\/div>\n\t\t\t\t<\/div>\n\t\t\t\t<\/div>\n\t\t\t\t\t\t<\/div>\n\t\t\t<\/div>\n\t\t<\/div>\n\t\t\t\t\t\t<\/div>\n\t\t\t<\/div>\n\t\t<\/section>\n\t\t\t\t<section class=\"elementor-element elementor-element-0e02186 elementor-section-boxed elementor-section-height-default elementor-section-height-default elementor-section elementor-top-section\" data-id=\"0e02186\" data-element_type=\"section\">\n\t\t\t\t\t\t<div class=\"elementor-container elementor-column-gap-default\">\n\t\t\t\t<div class=\"elementor-row\">\n\t\t\t\t<div class=\"elementor-element elementor-element-9d09176 elementor-column elementor-col-50 elementor-top-column\" data-id=\"9d09176\" data-element_type=\"column\">\n\t\t\t<div class=\"elementor-column-wrap  elementor-element-populated\">\n\t\t\t\t\t<div class=\"elementor-widget-wrap\">\n\t\t\t\t<div class=\"elementor-element elementor-element-be9fe7f elementor-hidden-phone elementor-widget elementor-widget-spacer\" data-id=\"be9fe7f\" data-element_type=\"widget\" data-widget_type=\"spacer.default\">\n\t\t\t\t<div class=\"elementor-widget-container\">\n\t\t\t\t\t<div class=\"elementor-spacer\">\n\t\t\t<div class=\"elementor-spacer-inner\"><\/div>\n\t\t<\/div>\n\t\t\t\t<\/div>\n\t\t\t\t<\/div>\n\t\t\t\t<div class=\"elementor-element elementor-element-17ad603 elementor-hidden-phone elementor-widget elementor-widget-heading\" data-id=\"17ad603\" data-element_type=\"widget\" data-widget_type=\"heading.default\">\n\t\t\t\t<div class=\"elementor-widget-container\">\n\t\t\t<h2 class=\"elementor-heading-title elementor-size-default\">L'Automne<\/h2>\t\t<\/div>\n\t\t\t\t<\/div>\n\t\t\t\t\t\t<\/div>\n\t\t\t<\/div>\n\t\t<\/div>\n\t\t\t\t<div class=\"elementor-element elementor-element-40506da elementor-column elementor-col-50 elementor-top-column\" data-id=\"40506da\" data-element_type=\"column\">\n\t\t\t<div class=\"elementor-column-wrap  elementor-element-populated\">\n\t\t\t\t\t<div class=\"elementor-widget-wrap\">\n\t\t\t\t<div class=\"elementor-element elementor-element-66e3923 elementor-widget elementor-widget-image\" data-id=\"66e3923\" data-element_type=\"widget\" data-widget_type=\"image.default\">\n\t\t\t\t<div class=\"elementor-widget-container\">\n\t\t\t\t\t<div class=\"elementor-image\">\n\t\t\t\t\t\t\t\t\t\t<img src=\"https:\/\/emauxdegimel.com\/wp-content\/uploads\/elementor\/thumbs\/MG_9088-Modifier-p0zef8skolcbpk8xtf4mnsillg7djuzeo4b2psdce8.jpg\" title=\"_MG_9088-Modifier\" alt=\"_MG_9088-Modifier\" \/>\t\t\t\t\t\t\t\t\t\t\t<\/div>\n\t\t\t\t<\/div>\n\t\t\t\t<\/div>\n\t\t\t\t<div class=\"elementor-element elementor-element-8c83c3a elementor-hidden-desktop elementor-hidden-tablet elementor-widget elementor-widget-heading\" data-id=\"8c83c3a\" data-element_type=\"widget\" data-widget_type=\"heading.default\">\n\t\t\t\t<div class=\"elementor-widget-container\">\n\t\t\t<h2 class=\"elementor-heading-title elementor-size-default\">L'Automne<\/h2>\t\t<\/div>\n\t\t\t\t<\/div>\n\t\t\t\t\t\t<\/div>\n\t\t\t<\/div>\n\t\t<\/div>\n\t\t\t\t\t\t<\/div>\n\t\t\t<\/div>\n\t\t<\/section>\n\t\t\t\t<section class=\"elementor-element elementor-element-5296547 elementor-section-boxed elementor-section-height-default elementor-section-height-default elementor-section elementor-top-section\" data-id=\"5296547\" data-element_type=\"section\">\n\t\t\t\t\t\t<div class=\"elementor-container elementor-column-gap-default\">\n\t\t\t\t<div class=\"elementor-row\">\n\t\t\t\t<div class=\"elementor-element elementor-element-6f0ef12 elementor-column elementor-col-50 elementor-top-column\" data-id=\"6f0ef12\" data-element_type=\"column\">\n\t\t\t<div class=\"elementor-column-wrap  elementor-element-populated\">\n\t\t\t\t\t<div class=\"elementor-widget-wrap\">\n\t\t\t\t<div class=\"elementor-element elementor-element-5482d42 elementor-widget elementor-widget-image\" data-id=\"5482d42\" data-element_type=\"widget\" data-widget_type=\"image.default\">\n\t\t\t\t<div class=\"elementor-widget-container\">\n\t\t\t\t\t<div class=\"elementor-image\">\n\t\t\t\t\t\t\t\t\t\t<img src=\"https:\/\/emauxdegimel.com\/wp-content\/uploads\/elementor\/thumbs\/MG_9085-4-p0zfhr8ip82jmoz73lrkl4khzplvkcv2xhb6lej4lc.jpg\" title=\"_MG_9085-4\" alt=\"_MG_9085-4\" \/>\t\t\t\t\t\t\t\t\t\t\t<\/div>\n\t\t\t\t<\/div>\n\t\t\t\t<\/div>\n\t\t\t\t\t\t<\/div>\n\t\t\t<\/div>\n\t\t<\/div>\n\t\t\t\t<div class=\"elementor-element elementor-element-2cd06a2 elementor-column elementor-col-50 elementor-top-column\" data-id=\"2cd06a2\" data-element_type=\"column\">\n\t\t\t<div class=\"elementor-column-wrap  elementor-element-populated\">\n\t\t\t\t\t<div class=\"elementor-widget-wrap\">\n\t\t\t\t<div class=\"elementor-element elementor-element-fe6df04 elementor-hidden-phone elementor-widget elementor-widget-spacer\" data-id=\"fe6df04\" data-element_type=\"widget\" data-widget_type=\"spacer.default\">\n\t\t\t\t<div class=\"elementor-widget-container\">\n\t\t\t\t\t<div class=\"elementor-spacer\">\n\t\t\t<div class=\"elementor-spacer-inner\"><\/div>\n\t\t<\/div>\n\t\t\t\t<\/div>\n\t\t\t\t<\/div>\n\t\t\t\t<div class=\"elementor-element elementor-element-7955341 elementor-widget elementor-widget-heading\" data-id=\"7955341\" data-element_type=\"widget\" data-widget_type=\"heading.default\">\n\t\t\t\t<div class=\"elementor-widget-container\">\n\t\t\t<h2 class=\"elementor-heading-title elementor-size-default\">L'Hiver<\/h2>\t\t<\/div>\n\t\t\t\t<\/div>\n\t\t\t\t<div class=\"elementor-element elementor-element-dcaba99 elementor-widget elementor-widget-spacer\" data-id=\"dcaba99\" data-element_type=\"widget\" data-widget_type=\"spacer.default\">\n\t\t\t\t<div class=\"elementor-widget-container\">\n\t\t\t\t\t<div class=\"elementor-spacer\">\n\t\t\t<div class=\"elementor-spacer-inner\"><\/div>\n\t\t<\/div>\n\t\t\t\t<\/div>\n\t\t\t\t<\/div>\n\t\t\t\t<div class=\"elementor-element elementor-element-6e9b2b7 elementor-widget elementor-widget-text-editor\" data-id=\"6e9b2b7\" data-element_type=\"widget\" data-widget_type=\"text-editor.default\">\n\t\t\t\t<div class=\"elementor-widget-container\">\n\t\t\t\t\t<div class=\"elementor-text-editor elementor-clearfix\"><\/div>\n\t\t\t\t<\/div>\n\t\t\t\t<\/div>\n\t\t\t\t\t\t<\/div>\n\t\t\t<\/div>\n\t\t<\/div>\n\t\t\t\t\t\t<\/div>\n\t\t\t<\/div>\n\t\t<\/section>\n\t\t\t\t\t\t<\/div>\n\t\t\t<\/div>\n\t\t<\/div>\n\t\t","protected":false},"excerpt":{"rendered":"<p>Les 4 Saisons Sources infinies de nos \u00e9tonnements, de nos \u00e9merveillements et des insondables qui nous habitent et naissent \u00e0 leur rythme. Le Printemps Les bourgeons \u00e9closent et les arbres pars\u00e8ment la vall\u00e9e de tous les verts de leur palette. Le Printemps Les bourgeons \u00e9closent et les arbres pars\u00e8ment la vall\u00e9e de tous les verts [&hellip;]<\/p>\n","protected":false},"author":1,"featured_media":0,"parent":0,"menu_order":0,"comment_status":"closed","ping_status":"closed","template":"","meta":[],"yoast_head":"<!-- This site is optimized with the Yoast SEO plugin v18.4.1 - https:\/\/yoast.com\/wordpress\/plugins\/seo\/ -->\n<title>Tableaux -<\/title>\n<meta name=\"robots\" content=\"index, follow, max-snippet:-1, max-image-preview:large, max-video-preview:-1\" \/>\n<link rel=\"canonical\" href=\"https:\/\/emauxdegimel.com\/index.php\/tableaux\/\" \/>\n<meta property=\"og:locale\" content=\"fr_FR\" \/>\n<meta property=\"og:type\" content=\"article\" \/>\n<meta property=\"og:title\" content=\"Tableaux -\" \/>\n<meta property=\"og:description\" content=\"Les 4 Saisons Sources infinies de nos \u00e9tonnements, de nos \u00e9merveillements et des insondables qui nous habitent et naissent \u00e0 leur rythme. Le Printemps Les bourgeons \u00e9closent et les arbres pars\u00e8ment la vall\u00e9e de tous les verts de leur palette. Le Printemps Les bourgeons \u00e9closent et les arbres pars\u00e8ment la vall\u00e9e de tous les verts [&hellip;]\" \/>\n<meta property=\"og:url\" content=\"https:\/\/emauxdegimel.com\/index.php\/tableaux\/\" \/>\n<meta property=\"article:modified_time\" content=\"2021-01-06T22:23:00+00:00\" \/>\n<meta property=\"og:image\" content=\"https:\/\/emauxdegimel.com\/wp-content\/uploads\/2021\/01\/MG_8887-1.jpg\" \/>\n<meta name=\"twitter:card\" content=\"summary_large_image\" \/>\n<script type=\"application\/ld+json\" class=\"yoast-schema-graph\">{\"@context\":\"https:\/\/schema.org\",\"@graph\":[{\"@type\":\"WebSite\",\"@id\":\"https:\/\/emauxdegimel.com\/#website\",\"url\":\"https:\/\/emauxdegimel.com\/\",\"name\":\"\",\"description\":\"\",\"potentialAction\":[{\"@type\":\"SearchAction\",\"target\":{\"@type\":\"EntryPoint\",\"urlTemplate\":\"https:\/\/emauxdegimel.com\/?s={search_term_string}\"},\"query-input\":\"required name=search_term_string\"}],\"inLanguage\":\"fr-FR\"},{\"@type\":\"ImageObject\",\"@id\":\"https:\/\/emauxdegimel.com\/index.php\/tableaux\/#primaryimage\",\"inLanguage\":\"fr-FR\",\"url\":\"https:\/\/emauxdegimel.com\/wp-content\/uploads\/2021\/01\/MG_8887-1.jpg\",\"contentUrl\":\"https:\/\/emauxdegimel.com\/wp-content\/uploads\/2021\/01\/MG_8887-1.jpg\",\"width\":1200,\"height\":517},{\"@type\":\"WebPage\",\"@id\":\"https:\/\/emauxdegimel.com\/index.php\/tableaux\/#webpage\",\"url\":\"https:\/\/emauxdegimel.com\/index.php\/tableaux\/\",\"name\":\"Tableaux -\",\"isPartOf\":{\"@id\":\"https:\/\/emauxdegimel.com\/#website\"},\"primaryImageOfPage\":{\"@id\":\"https:\/\/emauxdegimel.com\/index.php\/tableaux\/#primaryimage\"},\"datePublished\":\"2020-12-10T15:29:50+00:00\",\"dateModified\":\"2021-01-06T22:23:00+00:00\",\"breadcrumb\":{\"@id\":\"https:\/\/emauxdegimel.com\/index.php\/tableaux\/#breadcrumb\"},\"inLanguage\":\"fr-FR\",\"potentialAction\":[{\"@type\":\"ReadAction\",\"target\":[\"https:\/\/emauxdegimel.com\/index.php\/tableaux\/\"]}]},{\"@type\":\"BreadcrumbList\",\"@id\":\"https:\/\/emauxdegimel.com\/index.php\/tableaux\/#breadcrumb\",\"itemListElement\":[{\"@type\":\"ListItem\",\"position\":1,\"name\":\"Accueil\",\"item\":\"https:\/\/emauxdegimel.com\/\"},{\"@type\":\"ListItem\",\"position\":2,\"name\":\"Tableaux\"}]}]}<\/script>\n<!-- \/ Yoast SEO plugin. -->","yoast_head_json":{"title":"Tableaux -","robots":{"index":"index","follow":"follow","max-snippet":"max-snippet:-1","max-image-preview":"max-image-preview:large","max-video-preview":"max-video-preview:-1"},"canonical":"https:\/\/emauxdegimel.com\/index.php\/tableaux\/","og_locale":"fr_FR","og_type":"article","og_title":"Tableaux -","og_description":"Les 4 Saisons Sources infinies de nos \u00e9tonnements, de nos \u00e9merveillements et des insondables qui nous habitent et naissent \u00e0 leur rythme. Le Printemps Les bourgeons \u00e9closent et les arbres pars\u00e8ment la vall\u00e9e de tous les verts de leur palette. Le Printemps Les bourgeons \u00e9closent et les arbres pars\u00e8ment la vall\u00e9e de tous les verts [&hellip;]","og_url":"https:\/\/emauxdegimel.com\/index.php\/tableaux\/","article_modified_time":"2021-01-06T22:23:00+00:00","og_image":[{"url":"https:\/\/emauxdegimel.com\/wp-content\/uploads\/2021\/01\/MG_8887-1.jpg"}],"twitter_card":"summary_large_image","schema":{"@context":"https:\/\/schema.org","@graph":[{"@type":"WebSite","@id":"https:\/\/emauxdegimel.com\/#website","url":"https:\/\/emauxdegimel.com\/","name":"","description":"","potentialAction":[{"@type":"SearchAction","target":{"@type":"EntryPoint","urlTemplate":"https:\/\/emauxdegimel.com\/?s={search_term_string}"},"query-input":"required name=search_term_string"}],"inLanguage":"fr-FR"},{"@type":"ImageObject","@id":"https:\/\/emauxdegimel.com\/index.php\/tableaux\/#primaryimage","inLanguage":"fr-FR","url":"https:\/\/emauxdegimel.com\/wp-content\/uploads\/2021\/01\/MG_8887-1.jpg","contentUrl":"https:\/\/emauxdegimel.com\/wp-content\/uploads\/2021\/01\/MG_8887-1.jpg","width":1200,"height":517},{"@type":"WebPage","@id":"https:\/\/emauxdegimel.com\/index.php\/tableaux\/#webpage","url":"https:\/\/emauxdegimel.com\/index.php\/tableaux\/","name":"Tableaux -","isPartOf":{"@id":"https:\/\/emauxdegimel.com\/#website"},"primaryImageOfPage":{"@id":"https:\/\/emauxdegimel.com\/index.php\/tableaux\/#primaryimage"},"datePublished":"2020-12-10T15:29:50+00:00","dateModified":"2021-01-06T22:23:00+00:00","breadcrumb":{"@id":"https:\/\/emauxdegimel.com\/index.php\/tableaux\/#breadcrumb"},"inLanguage":"fr-FR","potentialAction":[{"@type":"ReadAction","target":["https:\/\/emauxdegimel.com\/index.php\/tableaux\/"]}]},{"@type":"BreadcrumbList","@id":"https:\/\/emauxdegimel.com\/index.php\/tableaux\/#breadcrumb","itemListElement":[{"@type":"ListItem","position":1,"name":"Accueil","item":"https:\/\/emauxdegimel.com\/"},{"@type":"ListItem","position":2,"name":"Tableaux"}]}]}},"_links":{"self":[{"href":"https:\/\/emauxdegimel.com\/index.php\/wp-json\/wp\/v2\/pages\/507"}],"collection":[{"href":"https:\/\/emauxdegimel.com\/index.php\/wp-json\/wp\/v2\/pages"}],"about":[{"href":"https:\/\/emauxdegimel.com\/index.php\/wp-json\/wp\/v2\/types\/page"}],"author":[{"embeddable":true,"href":"https:\/\/emauxdegimel.com\/index.php\/wp-json\/wp\/v2\/users\/1"}],"replies":[{"embeddable":true,"href":"https:\/\/emauxdegimel.com\/index.php\/wp-json\/wp\/v2\/comments?post=507"}],"version-history":[{"count":53,"href":"https:\/\/emauxdegimel.com\/index.php\/wp-json\/wp\/v2\/pages\/507\/revisions"}],"predecessor-version":[{"id":1426,"href":"https:\/\/emauxdegimel.com\/index.php\/wp-json\/wp\/v2\/pages\/507\/revisions\/1426"}],"wp:attachment":[{"href":"https:\/\/emauxdegimel.com\/index.php\/wp-json\/wp\/v2\/media?parent=507"}],"curies":[{"name":"wp","href":"https:\/\/api.w.org\/{rel}","templated":true}]}}